{"id":2,"date":"2024-02-18T10:21:37","date_gmt":"2024-02-18T09:21:37","guid":{"rendered":"https:\/\/www.rosorani.it\/family\/?page_id=2"},"modified":"2025-01-22T17:23:56","modified_gmt":"2025-01-22T16:23:56","slug":"pagina-di-esempio","status":"publish","type":"page","link":"https:\/\/www.rosorani.it\/family\/","title":{"rendered":"Benvenuto su rosorani.it"},"content":{"rendered":"\n<p>Ciao e benvenuti a tutti.<br>Probabilmente sei su questa pagina perch\u00e9 il tuo cognome \u00e8 Rosorani \ud83d\ude42<\/p>\n\n\n\n<figure class=\"wp-block-image size-full\"><img loading=\"lazy\" decoding=\"async\" width=\"1000\" height=\"571\" src=\"https:\/\/www.rosorani.it\/family\/wp-content\/uploads\/2025\/01\/albero-genealogico.jpg\" alt=\"\" class=\"wp-image-28\" srcset=\"https:\/\/www.rosorani.it\/family\/wp-content\/uploads\/2025\/01\/albero-genealogico.jpg 1000w, https:\/\/www.rosorani.it\/family\/wp-content\/uploads\/2025\/01\/albero-genealogico-300x171.jpg 300w, https:\/\/www.rosorani.it\/family\/wp-content\/uploads\/2025\/01\/albero-genealogico-768x439.jpg 768w\" sizes=\"auto, (max-width: 1000px) 100vw, 1000px\" \/><\/figure>\n\n\n\n<p>L&#8217;idea di questa pagina \u00e8 quella di invitare i Rosorani a condividere la propria genealogia. \u00c8 un&#8217;opportunit\u00e0 unica per scoprire insieme le nostre radici familiari. Unitevi a me e ad altri Rosorani per creare un albero genealogico comunitario della nostra famiglia. <\/p>\n\n\n\n<p><strong>Come funziona:<\/strong><\/p>\n\n\n\n<ol class=\"wp-block-list\">\n<li><strong>Invia la tua genealogia: <\/strong>inviarci le informazioni sulla tua genealogia. Includi quante pi\u00f9 informazioni possibili: nomi, date di nascita, luoghi, relazioni familiari, ecc.<\/li>\n\n\n\n<li><strong>Lavoriamo insieme:<\/strong> una volta ricevuta la tua mail, mi impegner\u00f2 a integrare le informazioni in un unico albero genealogico generale della famiglia. Ho in mente di utilizzare un software open source tipo <a href=\"https:\/\/gramps-project.org\/blog\/\">Gramps<\/a>. Ogni suggerimento \u00e8 il benvenuto e non ho ancora un&#8217;idea precisa di come fare. Dipender\u00e0 anche dalla partecipazione. <\/li>\n\n\n\n<li><strong>Esplora l&#8217;albero genealogico:<\/strong> una volta che la tua genealogia \u00e8 stata aggiunta al nostro archivio, potremo esplorare l&#8217;albero genealogico completo.<\/li>\n\n\n\n<li><strong>Scopri parentele lontane<\/strong>, trova parenti perduti da tempo e scopri storie affascinanti sulla tua famiglia. <\/li>\n<\/ol>\n\n\n\n<p><strong>Perch\u00e9 partecipare:<\/strong><\/p>\n\n\n\n<ul class=\"wp-block-list\">\n<li><strong>Preservazione della storia familiare:<\/strong> contribuendo con le vostre informazioni, contribuirete a preservare la storia della vostra famiglia per le generazioni future.<\/li>\n\n\n\n<li><strong>Connessione con parenti:<\/strong> scoprite parenti lontani e rafforzate i legami familiari.<\/li>\n\n\n\n<li><strong>Scoperta di nuove storie:<\/strong> l&#8217;albero genealogico \u00e8 una ricca fonte di storie avvincenti. Scoprite le vostre radici e lasciatevi affascinare dalla storia della vostra famiglia.<\/li>\n<\/ul>\n\n\n\n<p><strong>Privacy<\/strong><\/p>\n\n\n\n<p>Le informazioni inviate <strong>non saranno MAI pubbliche<\/strong> ma rigorosamente ristrette ai partecipanti.<\/p>\n\n\n\n<div style=\"height:30px\" aria-hidden=\"true\" class=\"wp-block-spacer\"><\/div>\n\n\n\n<p class=\"has-base-color has-accent-3-background-color has-text-color has-background has-link-color has-medium-font-size wp-elements-5406199694f2f88a2c0dfcf9e4906da8\">Non perdete altro tempo! Scrivi una mail a <br><em><strong>massimiliano [chiocciola] rosorani.it<\/strong> <\/em>per metterti in contatto me,  Massimiliano<\/p>\n\n\n\n<div style=\"height:30px\" aria-hidden=\"true\" class=\"wp-block-spacer\"><\/div>\n\n\n\n<blockquote class=\"wp-block-quote is-layout-flow wp-block-quote-is-layout-flow\" style=\"font-style:normal;font-weight:300\">\n<p>&#8220;Scoprire le proprie radici \u00e8 come aprire un libro di storia familiare, dove ogni pagina racconta un capitolo prezioso della nostra identit\u00e0.&#8221;<\/p>\n<\/blockquote>\n\n\n\n<div style=\"height:50px\" aria-hidden=\"true\" class=\"wp-block-spacer\"><\/div>\n","protected":false},"excerpt":{"rendered":"<p>Ciao e benvenuti a tutti.Probabilmente sei su questa pagina perch\u00e9 il tuo cognome \u00e8 Rosorani \ud83d\ude42 L&#8217;idea di questa pagina \u00e8 quella di invitare i Rosorani a condividere la propria genealogia. \u00c8 un&#8217;opportunit\u00e0 unica per scoprire insieme le nostre radici familiari. Unitevi a me e ad altri Rosorani per creare un albero genealogico comunitario della [&hellip;]<\/p>\n","protected":false},"author":1,"featured_media":0,"parent":0,"menu_order":0,"comment_status":"closed","ping_status":"open","template":"","meta":{"_seopress_robots_primary_cat":"","_seopress_titles_title":"","_seopress_titles_desc":"","_seopress_robots_index":"","footnotes":""},"class_list":["post-2","page","type-page","status-publish","hentry"],"_links":{"self":[{"href":"https:\/\/www.rosorani.it\/family\/wp-json\/wp\/v2\/pages\/2","targetHints":{"allow":["GET"]}}],"collection":[{"href":"https:\/\/www.rosorani.it\/family\/wp-json\/wp\/v2\/pages"}],"about":[{"href":"https:\/\/www.rosorani.it\/family\/wp-json\/wp\/v2\/types\/page"}],"author":[{"embeddable":true,"href":"https:\/\/www.rosorani.it\/family\/wp-json\/wp\/v2\/users\/1"}],"replies":[{"embeddable":true,"href":"https:\/\/www.rosorani.it\/family\/wp-json\/wp\/v2\/comments?post=2"}],"version-history":[{"count":6,"href":"https:\/\/www.rosorani.it\/family\/wp-json\/wp\/v2\/pages\/2\/revisions"}],"predecessor-version":[{"id":29,"href":"https:\/\/www.rosorani.it\/family\/wp-json\/wp\/v2\/pages\/2\/revisions\/29"}],"wp:attachment":[{"href":"https:\/\/www.rosorani.it\/family\/wp-json\/wp\/v2\/media?parent=2"}],"curies":[{"name":"wp","href":"https:\/\/api.w.org\/{rel}","templated":true}]}}